{"id":10,"date":"2023-03-07T16:34:45","date_gmt":"2023-03-07T16:34:45","guid":{"rendered":"https:\/\/ambium.ca\/?page_id=10"},"modified":"2023-11-01T16:38:54","modified_gmt":"2023-11-01T16:38:54","slug":"am","status":"publish","type":"page","link":"https:\/\/ambium.ca\/","title":{"rendered":"Site en construction"},"content":{"rendered":"\n<p>Nous sommes actuellement en train de travailler sur notre site web complet pour vous offrir la meilleure exp\u00e9rience possible. <\/p>\n\n\n\n<p>Nous sommes impatients de vous pr\u00e9senter notre entreprise et nos produits\/services d\u00e8s que possible. Nous vous remercions pour votre patience et nous sommes d\u00e9sol\u00e9s pour la g\u00eane occasionn\u00e9e. Nous sommes convaincus que cela en vaudra la peine ! <\/p>\n\n\n\n<p>L\u2019\u00e9quipe d\u2019Ambium<\/p>\n","protected":false},"excerpt":{"rendered":"<p>Nous sommes actuellement en train de travailler sur notre site web complet pour vous offrir la meilleure exp\u00e9rience possible. Nous sommes impatients de vous pr\u00e9senter notre entreprise et nos produits\/services d\u00e8s que possible. Nous vous remercions pour votre patience et nous sommes d\u00e9sol\u00e9s pour la g\u00eane occasionn\u00e9e. Nous sommes convaincus que cela en vaudra la [&hellip;]<\/p>\n","protected":false},"author":1,"featured_media":0,"parent":0,"menu_order":0,"comment_status":"closed","ping_status":"closed","template":"\/templates\/temporary_page.php","meta":{"footnotes":""},"class_list":["post-10","page","type-page","status-publish","hentry"],"acf":[],"yoast_head":"<!-- This site is optimized with the Yoast SEO plugin v20.8 - https:\/\/yoast.com\/wordpress\/plugins\/seo\/ -->\n<title>Mobilier de qualit\u00e9 pour cliniques - Ambium<\/title>\n<meta name=\"description\" content=\"Ambium, situ\u00e9 en Estrie, offre la conception de mobilier de qualit\u00e9 pour cliniques dentaire et de sant\u00e9. Restez connect\u00e9s pour d\u00e9couvrir nos produits exceptionnels.\" \/>\n<meta name=\"robots\" content=\"index, follow, max-snippet:-1, max-image-preview:large, max-video-preview:-1\" \/>\n<link rel=\"canonical\" href=\"https:\/\/ambium.ca\/\" \/>\n<meta property=\"og:locale\" content=\"fr_FR\" \/>\n<meta property=\"og:type\" content=\"article\" \/>\n<meta property=\"og:title\" content=\"Mobilier de qualit\u00e9 pour cliniques - Ambium\" \/>\n<meta property=\"og:description\" content=\"Ambium, situ\u00e9 en Estrie, offre la conception de mobilier de qualit\u00e9 pour cliniques dentaire et de sant\u00e9. Restez connect\u00e9s pour d\u00e9couvrir nos produits exceptionnels.\" \/>\n<meta property=\"og:url\" content=\"https:\/\/ambium.ca\/\" \/>\n<meta property=\"og:site_name\" content=\"Ambium\" \/>\n<meta property=\"article:modified_time\" content=\"2023-11-01T16:38:54+00:00\" \/>\n<meta name=\"twitter:card\" content=\"summary_large_image\" \/>\n<meta name=\"twitter:label1\" content=\"Dur\u00e9e de lecture estim\u00e9e\" \/>\n\t<meta name=\"twitter:data1\" content=\"1 minute\" \/>\n<script type=\"application\/ld+json\" class=\"yoast-schema-graph\">{\"@context\":\"https:\/\/schema.org\",\"@graph\":[{\"@type\":\"WebPage\",\"@id\":\"https:\/\/ambium.ca\/\",\"url\":\"https:\/\/ambium.ca\/\",\"name\":\"Mobilier de qualit\u00e9 pour cliniques - Ambium\",\"isPartOf\":{\"@id\":\"https:\/\/ambium.ca\/#website\"},\"datePublished\":\"2023-03-07T16:34:45+00:00\",\"dateModified\":\"2023-11-01T16:38:54+00:00\",\"description\":\"Ambium, situ\u00e9 en Estrie, offre la conception de mobilier de qualit\u00e9 pour cliniques dentaire et de sant\u00e9. Restez connect\u00e9s pour d\u00e9couvrir nos produits exceptionnels.\",\"breadcrumb\":{\"@id\":\"https:\/\/ambium.ca\/#breadcrumb\"},\"inLanguage\":\"fr-FR\",\"potentialAction\":[{\"@type\":\"ReadAction\",\"target\":[\"https:\/\/ambium.ca\/\"]}]},{\"@type\":\"BreadcrumbList\",\"@id\":\"https:\/\/ambium.ca\/#breadcrumb\",\"itemListElement\":[{\"@type\":\"ListItem\",\"position\":1,\"name\":\"Accueil\",\"item\":\"https:\/\/ambium.ca\/\"},{\"@type\":\"ListItem\",\"position\":2,\"name\":\"Site en construction\"}]},{\"@type\":\"WebSite\",\"@id\":\"https:\/\/ambium.ca\/#website\",\"url\":\"https:\/\/ambium.ca\/\",\"name\":\"Ambium\",\"description\":\"\",\"potentialAction\":[{\"@type\":\"SearchAction\",\"target\":{\"@type\":\"EntryPoint\",\"urlTemplate\":\"https:\/\/ambium.ca\/?s={search_term_string}\"},\"query-input\":\"required name=search_term_string\"}],\"inLanguage\":\"fr-FR\"}]}<\/script>\n<!-- \/ Yoast SEO plugin. -->","yoast_head_json":{"title":"Mobilier de qualit\u00e9 pour cliniques - Ambium","description":"Ambium, situ\u00e9 en Estrie, offre la conception de mobilier de qualit\u00e9 pour cliniques dentaire et de sant\u00e9. Restez connect\u00e9s pour d\u00e9couvrir nos produits exceptionnels.","robots":{"index":"index","follow":"follow","max-snippet":"max-snippet:-1","max-image-preview":"max-image-preview:large","max-video-preview":"max-video-preview:-1"},"canonical":"https:\/\/ambium.ca\/","og_locale":"fr_FR","og_type":"article","og_title":"Mobilier de qualit\u00e9 pour cliniques - Ambium","og_description":"Ambium, situ\u00e9 en Estrie, offre la conception de mobilier de qualit\u00e9 pour cliniques dentaire et de sant\u00e9. Restez connect\u00e9s pour d\u00e9couvrir nos produits exceptionnels.","og_url":"https:\/\/ambium.ca\/","og_site_name":"Ambium","article_modified_time":"2023-11-01T16:38:54+00:00","twitter_card":"summary_large_image","twitter_misc":{"Dur\u00e9e de lecture estim\u00e9e":"1 minute"},"schema":{"@context":"https:\/\/schema.org","@graph":[{"@type":"WebPage","@id":"https:\/\/ambium.ca\/","url":"https:\/\/ambium.ca\/","name":"Mobilier de qualit\u00e9 pour cliniques - Ambium","isPartOf":{"@id":"https:\/\/ambium.ca\/#website"},"datePublished":"2023-03-07T16:34:45+00:00","dateModified":"2023-11-01T16:38:54+00:00","description":"Ambium, situ\u00e9 en Estrie, offre la conception de mobilier de qualit\u00e9 pour cliniques dentaire et de sant\u00e9. Restez connect\u00e9s pour d\u00e9couvrir nos produits exceptionnels.","breadcrumb":{"@id":"https:\/\/ambium.ca\/#breadcrumb"},"inLanguage":"fr-FR","potentialAction":[{"@type":"ReadAction","target":["https:\/\/ambium.ca\/"]}]},{"@type":"BreadcrumbList","@id":"https:\/\/ambium.ca\/#breadcrumb","itemListElement":[{"@type":"ListItem","position":1,"name":"Accueil","item":"https:\/\/ambium.ca\/"},{"@type":"ListItem","position":2,"name":"Site en construction"}]},{"@type":"WebSite","@id":"https:\/\/ambium.ca\/#website","url":"https:\/\/ambium.ca\/","name":"Ambium","description":"","potentialAction":[{"@type":"SearchAction","target":{"@type":"EntryPoint","urlTemplate":"https:\/\/ambium.ca\/?s={search_term_string}"},"query-input":"required name=search_term_string"}],"inLanguage":"fr-FR"}]}},"_links":{"self":[{"href":"https:\/\/ambium.ca\/index.php\/wp-json\/wp\/v2\/pages\/10","targetHints":{"allow":["GET"]}}],"collection":[{"href":"https:\/\/ambium.ca\/index.php\/wp-json\/wp\/v2\/pages"}],"about":[{"href":"https:\/\/ambium.ca\/index.php\/wp-json\/wp\/v2\/types\/page"}],"author":[{"embeddable":true,"href":"https:\/\/ambium.ca\/index.php\/wp-json\/wp\/v2\/users\/1"}],"replies":[{"embeddable":true,"href":"https:\/\/ambium.ca\/index.php\/wp-json\/wp\/v2\/comments?post=10"}],"version-history":[{"count":7,"href":"https:\/\/ambium.ca\/index.php\/wp-json\/wp\/v2\/pages\/10\/revisions"}],"predecessor-version":[{"id":25,"href":"https:\/\/ambium.ca\/index.php\/wp-json\/wp\/v2\/pages\/10\/revisions\/25"}],"wp:attachment":[{"href":"https:\/\/ambium.ca\/index.php\/wp-json\/wp\/v2\/media?parent=10"}],"curies":[{"name":"wp","href":"https:\/\/api.w.org\/{rel}","templated":true}]}}